{"id":1118,"date":"2023-06-05T09:23:30","date_gmt":"2023-06-05T07:23:30","guid":{"rendered":"https:\/\/www.hardtop-gmbh.de\/404-2\/"},"modified":"2023-08-04T15:50:14","modified_gmt":"2023-08-04T13:50:14","slug":"404-2","status":"publish","type":"page","link":"https:\/\/www.hardtop-gmbh.de\/zh-hant\/404-2\/","title":{"rendered":"404"},"content":{"rendered":"<div class=\"container\"><div class=\"hupa-inner-block\">\n<div style=\"height:48px\" aria-hidden=\"true\" class=\"wp-block-spacer\"><\/div>\n<\/div>\n<h1 class=\"wp-block-heading text-blue big\">Seite nicht gefunden<\/h1>\n<div class=\"hupa-inner-block\">\n<div style=\"height:60px\" aria-hidden=\"true\" class=\"wp-block-spacer\"><\/div>\n<\/div>\n<h4 class=\"wp-block-heading text-blue\">Diese Seite konnte nicht gefunden werden.<\/h4>\n<div class=\"hupa-inner-block\">\n<p>Gr\u00fcnde daf\u00fcr k\u00f6nnten sein, dass Sie eine falsche oder veraltete URL aufgerufen haben \u2013 bitte \u00fcberpr\u00fcfen Sie diese noch einmal. Oder aber wir haben die betreffende Seite archiviert, verschoben oder umbenannt.<\/p>\n<\/div>\n<p class=\"pb-4\">Vielleicht k\u00f6nnen Sie den von Ihnen gew\u00fcnschten Inhalt \u00fcber unsere Startseite finden.<\/p>\n<div class=\"hupa-inner-block\">\n<div class=\"wp-block-buttons\">\n<div class=\"wp-block-button btn-blue is-style-fill\"><a class=\"wp-block-button__link wp-element-button\" href=\"https:\/\/www.hardtop-gmbh.de\/zh-hant\/\" style=\"border-radius:0px\">Startseite<\/a><\/div>\n<\/div>\n<\/div><div class=\"hupa-inner-block\">\n<div style=\"height:80px\" aria-hidden=\"true\" class=\"wp-block-spacer\"><\/div>\n<\/div><\/div>","protected":false},"excerpt":{"rendered":"<p>Seite nicht gefunden Diese Seite konnte nicht gefunden  [&hellip;]<\/p>\n","protected":false},"author":1,"featured_media":0,"parent":0,"menu_order":88,"comment_status":"closed","ping_status":"closed","template":"","meta":{"_hupa_show_title":false,"_hupa_custom_title":"","_hupa_title_css":"","_hupa_select_menu":1,"_hupa_select_sidebar":1,"_hupa_show_social_media":false,"_hupa_select_social_type":0,"_hupa_select_social_color":0,"_hupa_social_media_css":"","_hupa_select_handy_menu":1,"_hupa_select_top_area":1,"_hupa_show_bottom_footer":true,"_hupa_show_top_footer":false,"_hupa_show_widgets_footer":false,"_hupa_sticky_widgets_footer":1,"_hupa_select_header":0,"_hupa_select_container":0,"_hupa_top_area_container":0,"_hupa_main_container":0,"_hupa_select_footer":0,"_hupa_show_menu":true,"_hupa_show_custom_url":false,"_hupa_beitragsbild_url":"","footnotes":""},"class_list":["post-1118","page","type-page","status-publish","hentry"],"yoast_head":"<!-- This site is optimized with the Yoast SEO plugin v24.2 - https:\/\/yoast.com\/wordpress\/plugins\/seo\/ -->\n<title>404 - HARDTOP Gie\u00dfereitechnologie GmbH<\/title>\n<meta name=\"robots\" content=\"index, follow, max-snippet:-1, max-image-preview:large, max-video-preview:-1\" \/>\n<link rel=\"canonical\" href=\"https:\/\/www.hardtop-gmbh.de\/zh-hant\/404-2\/\" \/>\n<script type=\"application\/ld+json\" class=\"yoast-schema-graph\">{\"@context\":\"https:\/\/schema.org\",\"@graph\":[{\"@type\":\"WebPage\",\"@id\":\"https:\/\/www.hardtop-gmbh.de\/zh-hant\/404-2\/\",\"url\":\"https:\/\/www.hardtop-gmbh.de\/zh-hant\/404-2\/\",\"name\":\"404 - HARDTOP Gie\u00dfereitechnologie GmbH\",\"isPartOf\":{\"@id\":\"https:\/\/www.hardtop-gmbh.de\/ru\/#website\"},\"datePublished\":\"2023-06-05T07:23:30+00:00\",\"dateModified\":\"2023-08-04T13:50:14+00:00\",\"breadcrumb\":{\"@id\":\"https:\/\/www.hardtop-gmbh.de\/zh-hant\/404-2\/#breadcrumb\"},\"inLanguage\":\"zh-TW\",\"potentialAction\":[{\"@type\":\"ReadAction\",\"target\":[\"https:\/\/www.hardtop-gmbh.de\/zh-hant\/404-2\/\"]}]},{\"@type\":\"BreadcrumbList\",\"@id\":\"https:\/\/www.hardtop-gmbh.de\/zh-hant\/404-2\/#breadcrumb\",\"itemListElement\":[{\"@type\":\"ListItem\",\"position\":1,\"name\":\"Startseite\",\"item\":\"https:\/\/www.hardtop-gmbh.de\/zh-hant\/\"},{\"@type\":\"ListItem\",\"position\":2,\"name\":\"404\"}]},{\"@type\":\"WebSite\",\"@id\":\"https:\/\/www.hardtop-gmbh.de\/ru\/#website\",\"url\":\"https:\/\/www.hardtop-gmbh.de\/ru\/\",\"name\":\"HARDTOP Gie\u00dfereitechnologie GmbH\",\"description\":\"\",\"publisher\":{\"@id\":\"https:\/\/www.hardtop-gmbh.de\/ru\/#organization\"},\"potentialAction\":[{\"@type\":\"SearchAction\",\"target\":{\"@type\":\"EntryPoint\",\"urlTemplate\":\"https:\/\/www.hardtop-gmbh.de\/ru\/?s={search_term_string}\"},\"query-input\":{\"@type\":\"PropertyValueSpecification\",\"valueRequired\":true,\"valueName\":\"search_term_string\"}}],\"inLanguage\":\"zh-TW\"},{\"@type\":\"Organization\",\"@id\":\"https:\/\/www.hardtop-gmbh.de\/ru\/#organization\",\"name\":\"HARDTOP Gie\u00dfereitechnologie GmbH\",\"url\":\"https:\/\/www.hardtop-gmbh.de\/ru\/\",\"logo\":{\"@type\":\"ImageObject\",\"inLanguage\":\"zh-TW\",\"@id\":\"https:\/\/www.hardtop-gmbh.de\/ru\/#\/schema\/logo\/image\/\",\"url\":\"https:\/\/www.hardtop-gmbh.de\/wp-content\/uploads\/2023\/06\/favicon.png\",\"contentUrl\":\"https:\/\/www.hardtop-gmbh.de\/wp-content\/uploads\/2023\/06\/favicon.png\",\"width\":900,\"height\":900,\"caption\":\"HARDTOP Gie\u00dfereitechnologie GmbH\"},\"image\":{\"@id\":\"https:\/\/www.hardtop-gmbh.de\/ru\/#\/schema\/logo\/image\/\"}}]}<\/script>\n<!-- \/ Yoast SEO plugin. -->","yoast_head_json":{"title":"404 - HARDTOP Gie\u00dfereitechnologie GmbH","robots":{"index":"index","follow":"follow","max-snippet":"max-snippet:-1","max-image-preview":"max-image-preview:large","max-video-preview":"max-video-preview:-1"},"canonical":"https:\/\/www.hardtop-gmbh.de\/zh-hant\/404-2\/","schema":{"@context":"https:\/\/schema.org","@graph":[{"@type":"WebPage","@id":"https:\/\/www.hardtop-gmbh.de\/zh-hant\/404-2\/","url":"https:\/\/www.hardtop-gmbh.de\/zh-hant\/404-2\/","name":"404 - HARDTOP Gie\u00dfereitechnologie GmbH","isPartOf":{"@id":"https:\/\/www.hardtop-gmbh.de\/ru\/#website"},"datePublished":"2023-06-05T07:23:30+00:00","dateModified":"2023-08-04T13:50:14+00:00","breadcrumb":{"@id":"https:\/\/www.hardtop-gmbh.de\/zh-hant\/404-2\/#breadcrumb"},"inLanguage":"zh-TW","potentialAction":[{"@type":"ReadAction","target":["https:\/\/www.hardtop-gmbh.de\/zh-hant\/404-2\/"]}]},{"@type":"BreadcrumbList","@id":"https:\/\/www.hardtop-gmbh.de\/zh-hant\/404-2\/#breadcrumb","itemListElement":[{"@type":"ListItem","position":1,"name":"Startseite","item":"https:\/\/www.hardtop-gmbh.de\/zh-hant\/"},{"@type":"ListItem","position":2,"name":"404"}]},{"@type":"WebSite","@id":"https:\/\/www.hardtop-gmbh.de\/ru\/#website","url":"https:\/\/www.hardtop-gmbh.de\/ru\/","name":"HARDTOP Gie\u00dfereitechnologie GmbH","description":"","publisher":{"@id":"https:\/\/www.hardtop-gmbh.de\/ru\/#organization"},"potentialAction":[{"@type":"SearchAction","target":{"@type":"EntryPoint","urlTemplate":"https:\/\/www.hardtop-gmbh.de\/ru\/?s={search_term_string}"},"query-input":{"@type":"PropertyValueSpecification","valueRequired":true,"valueName":"search_term_string"}}],"inLanguage":"zh-TW"},{"@type":"Organization","@id":"https:\/\/www.hardtop-gmbh.de\/ru\/#organization","name":"HARDTOP Gie\u00dfereitechnologie GmbH","url":"https:\/\/www.hardtop-gmbh.de\/ru\/","logo":{"@type":"ImageObject","inLanguage":"zh-TW","@id":"https:\/\/www.hardtop-gmbh.de\/ru\/#\/schema\/logo\/image\/","url":"https:\/\/www.hardtop-gmbh.de\/wp-content\/uploads\/2023\/06\/favicon.png","contentUrl":"https:\/\/www.hardtop-gmbh.de\/wp-content\/uploads\/2023\/06\/favicon.png","width":900,"height":900,"caption":"HARDTOP Gie\u00dfereitechnologie GmbH"},"image":{"@id":"https:\/\/www.hardtop-gmbh.de\/ru\/#\/schema\/logo\/image\/"}}]}},"_links":{"self":[{"href":"https:\/\/www.hardtop-gmbh.de\/zh-hant\/wp-json\/wp\/v2\/pages\/1118","targetHints":{"allow":["GET"]}}],"collection":[{"href":"https:\/\/www.hardtop-gmbh.de\/zh-hant\/wp-json\/wp\/v2\/pages"}],"about":[{"href":"https:\/\/www.hardtop-gmbh.de\/zh-hant\/wp-json\/wp\/v2\/types\/page"}],"author":[{"embeddable":true,"href":"https:\/\/www.hardtop-gmbh.de\/zh-hant\/wp-json\/wp\/v2\/users\/1"}],"replies":[{"embeddable":true,"href":"https:\/\/www.hardtop-gmbh.de\/zh-hant\/wp-json\/wp\/v2\/comments?post=1118"}],"version-history":[{"count":2,"href":"https:\/\/www.hardtop-gmbh.de\/zh-hant\/wp-json\/wp\/v2\/pages\/1118\/revisions"}],"predecessor-version":[{"id":2329,"href":"https:\/\/www.hardtop-gmbh.de\/zh-hant\/wp-json\/wp\/v2\/pages\/1118\/revisions\/2329"}],"wp:attachment":[{"href":"https:\/\/www.hardtop-gmbh.de\/zh-hant\/wp-json\/wp\/v2\/media?parent=1118"}],"curies":[{"name":"wp","href":"https:\/\/api.w.org\/{rel}","templated":true}]}}