{"id":2368,"date":"2023-08-04T16:21:49","date_gmt":"2023-08-04T14:21:49","guid":{"rendered":"https:\/\/www.hardtop-gmbh.de\/downloads\/"},"modified":"2024-03-12T13:48:55","modified_gmt":"2024-03-12T12:48:55","slug":"downloads","status":"publish","type":"page","link":"https:\/\/www.hardtop-gmbh.de\/en\/downloads\/","title":{"rendered":"Downloads"},"content":{"rendered":"<div class=\"container-fullwidth bg-light-blue bg-bottom-2 z1\"><div class=\"container\"><div class=\"hupa-inner-block\">\n<div style=\"height:48px\" aria-hidden=\"true\" class=\"wp-block-spacer\"><\/div>\n<\/div>\n<h1 class=\"wp-block-heading headline-bg-blue big\">Downloads<\/h1>\n<div class=\"hupa-inner-block\">\n<div style=\"height:60px\" aria-hidden=\"true\" class=\"wp-block-spacer\"><\/div>\n<\/div><\/div><div class=\"container\">\n<ul class=\"triangel-list ps-3 wp-block-list\">\n<li><a href=\"https:\/\/www.hardtop-gmbh.de\/wp-content\/uploads\/pdf\/Allgemeine-Verkaufs-und-Lieferbedingungen-fuer-Auslandsgeschaefte.pdf\">Allgemeine Verkaufs- und Lieferbedingungen f\u00fcr Auslandsgesch\u00e4fte<\/a><\/li>\n\n\n\n<li><a href=\"https:\/\/www.hardtop-gmbh.de\/wp-content\/uploads\/pdf\/Allgemeine-Verkaufs-und-Lieferbedingungen-fuer-Inlandsgeschaefte.pdf\" target=\"_blank\" rel=\"noreferrer noopener\">Allgemeine Verkaufs- und Lieferbedingungen f\u00fcr Inlandsgesc<\/a><a href=\"https:\/\/www.hardtop-gmbh.de\/wp-content\/uploads\/2023\/08\/Allgemeine-Verkaufs-und-Lieferbedingungen-fuer-Inlandsgeschaefte.pdf\" target=\"_blank\" rel=\"noreferrer noopener\">h\u00e4fte<\/a><\/li>\n\n\n\n<li><a href=\"https:\/\/www.hardtop-gmbh.de\/wp-content\/uploads\/pdf\/General-Terms-and-Conditions-of-Sale-and-Delivery-for-Foreign-Business.pdf\">General Terms and Conditions of Sale and Delivery for Foreign Business<\/a><\/li>\n\n\n\n<li><a href=\"https:\/\/www.hardtop-gmbh.de\/wp-content\/uploads\/2023\/08\/HARDTOP_CoC_de.pdf\" target=\"_blank\" rel=\"noreferrer noopener\">Code of Conduct Deutsch<\/a><\/li>\n\n\n\n<li><a href=\"https:\/\/www.hardtop-gmbh.de\/wp-content\/uploads\/2023\/08\/HARDTOP_CoC_en.pdf\" target=\"_blank\" rel=\"noreferrer noopener\">Code of Conduct English<\/a><\/li>\n<\/ul>\n<div class=\"hupa-inner-block\">\n<div style=\"height:100px\" aria-hidden=\"true\" class=\"wp-block-spacer\"><\/div>\n<\/div><\/div><\/div>","protected":false},"excerpt":{"rendered":"<p>Downloads<\/p>\n","protected":false},"author":1,"featured_media":0,"parent":0,"menu_order":0,"comment_status":"closed","ping_status":"closed","template":"","meta":{"_hupa_show_title":false,"_hupa_custom_title":"","_hupa_title_css":"","_hupa_select_menu":1,"_hupa_select_sidebar":1,"_hupa_show_social_media":false,"_hupa_select_social_type":0,"_hupa_select_social_color":0,"_hupa_social_media_css":"","_hupa_select_handy_menu":1,"_hupa_select_top_area":1,"_hupa_show_bottom_footer":true,"_hupa_show_top_footer":false,"_hupa_show_widgets_footer":false,"_hupa_sticky_widgets_footer":1,"_hupa_select_header":0,"_hupa_select_container":0,"_hupa_top_area_container":0,"_hupa_main_container":0,"_hupa_select_footer":0,"_hupa_show_menu":true,"_hupa_show_custom_url":false,"_hupa_beitragsbild_url":"","footnotes":""},"class_list":["post-2368","page","type-page","status-publish","hentry"],"yoast_head":"<!-- This site is optimized with the Yoast SEO plugin v24.2 - https:\/\/yoast.com\/wordpress\/plugins\/seo\/ -->\n<title>Downloads - HARDTOP Gie\u00dfereitechnologie GmbH<\/title>\n<meta name=\"description\" content=\"Download der allgemeinen Verkaufs- und Lieferbedingungen f\u00fcr In- und Au\u00dflandsgesch\u00e4fte sowie Code of Conduct.\" \/>\n<meta name=\"robots\" content=\"index, follow, max-snippet:-1, max-image-preview:large, max-video-preview:-1\" \/>\n<link rel=\"canonical\" href=\"https:\/\/www.hardtop-gmbh.de\/en\/downloads\/\" \/>\n<script type=\"application\/ld+json\" class=\"yoast-schema-graph\">{\"@context\":\"https:\/\/schema.org\",\"@graph\":[{\"@type\":\"WebPage\",\"@id\":\"https:\/\/www.hardtop-gmbh.de\/en\/downloads\/\",\"url\":\"https:\/\/www.hardtop-gmbh.de\/en\/downloads\/\",\"name\":\"Downloads - HARDTOP Gie\u00dfereitechnologie GmbH\",\"isPartOf\":{\"@id\":\"https:\/\/www.hardtop-gmbh.de\/ru\/#website\"},\"datePublished\":\"2023-08-04T14:21:49+00:00\",\"dateModified\":\"2024-03-12T12:48:55+00:00\",\"description\":\"Download der allgemeinen Verkaufs- und Lieferbedingungen f\u00fcr In- und Au\u00dflandsgesch\u00e4fte sowie Code of Conduct.\",\"breadcrumb\":{\"@id\":\"https:\/\/www.hardtop-gmbh.de\/en\/downloads\/#breadcrumb\"},\"inLanguage\":\"en-US\",\"potentialAction\":[{\"@type\":\"ReadAction\",\"target\":[\"https:\/\/www.hardtop-gmbh.de\/en\/downloads\/\"]}]},{\"@type\":\"BreadcrumbList\",\"@id\":\"https:\/\/www.hardtop-gmbh.de\/en\/downloads\/#breadcrumb\",\"itemListElement\":[{\"@type\":\"ListItem\",\"position\":1,\"name\":\"Startseite\",\"item\":\"https:\/\/www.hardtop-gmbh.de\/en\/\"},{\"@type\":\"ListItem\",\"position\":2,\"name\":\"Downloads\"}]},{\"@type\":\"WebSite\",\"@id\":\"https:\/\/www.hardtop-gmbh.de\/ru\/#website\",\"url\":\"https:\/\/www.hardtop-gmbh.de\/ru\/\",\"name\":\"HARDTOP Gie\u00dfereitechnologie GmbH\",\"description\":\"\",\"publisher\":{\"@id\":\"https:\/\/www.hardtop-gmbh.de\/ru\/#organization\"},\"potentialAction\":[{\"@type\":\"SearchAction\",\"target\":{\"@type\":\"EntryPoint\",\"urlTemplate\":\"https:\/\/www.hardtop-gmbh.de\/ru\/?s={search_term_string}\"},\"query-input\":{\"@type\":\"PropertyValueSpecification\",\"valueRequired\":true,\"valueName\":\"search_term_string\"}}],\"inLanguage\":\"en-US\"},{\"@type\":\"Organization\",\"@id\":\"https:\/\/www.hardtop-gmbh.de\/ru\/#organization\",\"name\":\"HARDTOP Gie\u00dfereitechnologie GmbH\",\"url\":\"https:\/\/www.hardtop-gmbh.de\/ru\/\",\"logo\":{\"@type\":\"ImageObject\",\"inLanguage\":\"en-US\",\"@id\":\"https:\/\/www.hardtop-gmbh.de\/ru\/#\/schema\/logo\/image\/\",\"url\":\"https:\/\/www.hardtop-gmbh.de\/wp-content\/uploads\/2023\/06\/favicon.png\",\"contentUrl\":\"https:\/\/www.hardtop-gmbh.de\/wp-content\/uploads\/2023\/06\/favicon.png\",\"width\":900,\"height\":900,\"caption\":\"HARDTOP Gie\u00dfereitechnologie GmbH\"},\"image\":{\"@id\":\"https:\/\/www.hardtop-gmbh.de\/ru\/#\/schema\/logo\/image\/\"}}]}<\/script>\n<!-- \/ Yoast SEO plugin. -->","yoast_head_json":{"title":"Downloads - HARDTOP Gie\u00dfereitechnologie GmbH","description":"Download der allgemeinen Verkaufs- und Lieferbedingungen f\u00fcr In- und Au\u00dflandsgesch\u00e4fte sowie Code of Conduct.","robots":{"index":"index","follow":"follow","max-snippet":"max-snippet:-1","max-image-preview":"max-image-preview:large","max-video-preview":"max-video-preview:-1"},"canonical":"https:\/\/www.hardtop-gmbh.de\/en\/downloads\/","schema":{"@context":"https:\/\/schema.org","@graph":[{"@type":"WebPage","@id":"https:\/\/www.hardtop-gmbh.de\/en\/downloads\/","url":"https:\/\/www.hardtop-gmbh.de\/en\/downloads\/","name":"Downloads - HARDTOP Gie\u00dfereitechnologie GmbH","isPartOf":{"@id":"https:\/\/www.hardtop-gmbh.de\/ru\/#website"},"datePublished":"2023-08-04T14:21:49+00:00","dateModified":"2024-03-12T12:48:55+00:00","description":"Download der allgemeinen Verkaufs- und Lieferbedingungen f\u00fcr In- und Au\u00dflandsgesch\u00e4fte sowie Code of Conduct.","breadcrumb":{"@id":"https:\/\/www.hardtop-gmbh.de\/en\/downloads\/#breadcrumb"},"inLanguage":"en-US","potentialAction":[{"@type":"ReadAction","target":["https:\/\/www.hardtop-gmbh.de\/en\/downloads\/"]}]},{"@type":"BreadcrumbList","@id":"https:\/\/www.hardtop-gmbh.de\/en\/downloads\/#breadcrumb","itemListElement":[{"@type":"ListItem","position":1,"name":"Startseite","item":"https:\/\/www.hardtop-gmbh.de\/en\/"},{"@type":"ListItem","position":2,"name":"Downloads"}]},{"@type":"WebSite","@id":"https:\/\/www.hardtop-gmbh.de\/ru\/#website","url":"https:\/\/www.hardtop-gmbh.de\/ru\/","name":"HARDTOP Gie\u00dfereitechnologie GmbH","description":"","publisher":{"@id":"https:\/\/www.hardtop-gmbh.de\/ru\/#organization"},"potentialAction":[{"@type":"SearchAction","target":{"@type":"EntryPoint","urlTemplate":"https:\/\/www.hardtop-gmbh.de\/ru\/?s={search_term_string}"},"query-input":{"@type":"PropertyValueSpecification","valueRequired":true,"valueName":"search_term_string"}}],"inLanguage":"en-US"},{"@type":"Organization","@id":"https:\/\/www.hardtop-gmbh.de\/ru\/#organization","name":"HARDTOP Gie\u00dfereitechnologie GmbH","url":"https:\/\/www.hardtop-gmbh.de\/ru\/","logo":{"@type":"ImageObject","inLanguage":"en-US","@id":"https:\/\/www.hardtop-gmbh.de\/ru\/#\/schema\/logo\/image\/","url":"https:\/\/www.hardtop-gmbh.de\/wp-content\/uploads\/2023\/06\/favicon.png","contentUrl":"https:\/\/www.hardtop-gmbh.de\/wp-content\/uploads\/2023\/06\/favicon.png","width":900,"height":900,"caption":"HARDTOP Gie\u00dfereitechnologie GmbH"},"image":{"@id":"https:\/\/www.hardtop-gmbh.de\/ru\/#\/schema\/logo\/image\/"}}]}},"_links":{"self":[{"href":"https:\/\/www.hardtop-gmbh.de\/en\/wp-json\/wp\/v2\/pages\/2368","targetHints":{"allow":["GET"]}}],"collection":[{"href":"https:\/\/www.hardtop-gmbh.de\/en\/wp-json\/wp\/v2\/pages"}],"about":[{"href":"https:\/\/www.hardtop-gmbh.de\/en\/wp-json\/wp\/v2\/types\/page"}],"author":[{"embeddable":true,"href":"https:\/\/www.hardtop-gmbh.de\/en\/wp-json\/wp\/v2\/users\/1"}],"replies":[{"embeddable":true,"href":"https:\/\/www.hardtop-gmbh.de\/en\/wp-json\/wp\/v2\/comments?post=2368"}],"version-history":[{"count":6,"href":"https:\/\/www.hardtop-gmbh.de\/en\/wp-json\/wp\/v2\/pages\/2368\/revisions"}],"predecessor-version":[{"id":2641,"href":"https:\/\/www.hardtop-gmbh.de\/en\/wp-json\/wp\/v2\/pages\/2368\/revisions\/2641"}],"wp:attachment":[{"href":"https:\/\/www.hardtop-gmbh.de\/en\/wp-json\/wp\/v2\/media?parent=2368"}],"curies":[{"name":"wp","href":"https:\/\/api.w.org\/{rel}","templated":true}]}}