{"id":1131,"date":"2023-06-05T09:47:36","date_gmt":"2023-06-05T07:47:36","guid":{"rendered":"https:\/\/www.hardtop-gmbh.de\/impressum\/"},"modified":"2023-08-04T10:47:12","modified_gmt":"2023-08-04T08:47:12","slug":"impressum","status":"publish","type":"page","link":"https:\/\/www.hardtop-gmbh.de\/en\/impressum\/","title":{"rendered":"Impressum"},"content":{"rendered":"\n<div style=\"height:60px\" aria-hidden=\"true\" class=\"wp-block-spacer lg-40\"><\/div>\n\n\n\n<h1 class=\"wp-block-heading font-blue\">IMPRINT<\/h1>\n\n\n\n<div style=\"height:40px\" aria-hidden=\"true\" class=\"wp-block-spacer lg-20\"><\/div>\n\n\n\n<h4 class=\"wp-block-heading\">Address<\/h4>\n\n\n\n<p><strong>HARDTOP Gie\u00dfereitechnologie GmbH<\/strong><br>Reichelstra\u00dfe 23<br>D &#8211; 39124 Magdeburg<\/p>\n\n\n\n<p>Tel.: +49 (0) 391 53 29 69-0<br>Fax: +49 (0) 391 53 29 69 21<br>E-Mail:&nbsp;<a rel=\"noreferrer noopener\" href=\"mailto:info@hardtop-gmbh.de\" target=\"_blank\">info@hardtop-gmbh.de<\/a><\/p>\n\n\n\n<h4 class=\"wp-block-heading\">Gesch\u00e4ftsf\u00fchrer:&nbsp;<\/h4>\n\n\n\n<p>Herr Dr. Armin I\u00dfleib<br>Frau Dipl.-Ing. Irina I\u00dfleib-Lubojanski<\/p>\n\n\n\n<h4 class=\"wp-block-heading\">Einzelprokura:&nbsp;<\/h4>\n\n\n\n<p>Herr Dipl.-Betriebswirt (FH) Chris Hofmann<\/p>\n\n\n\n<h4 class=\"wp-block-heading\">Handelsregister:&nbsp;<\/h4>\n\n\n\n<p>Handelsregister 16.12.1997, HRB 110456, Amtsgericht Stendal<br>USt-Ident-Nr.: DE 812355329<\/p>\n\n\n\n<h4 class=\"wp-block-heading\">Haftung f\u00fcr Inhalte<\/h4>\n\n\n\n<p>Als Diensteanbieter sind wir gem\u00e4\u00df \u00a7 7 Abs.1 TMG f\u00fcr eigene Inhalte auf diesen Seiten nach den&nbsp;allgemeinen Gesetzen verantwortlich. Nach \u00a7\u00a7 8 bis 10 TMG sind wir als Diensteanbieter jedoch nicht&nbsp;verpflichtet, \u00fcbermittelte oder gespeicherte fremde Informationen zu \u00fcberwachen oder nach Umst\u00e4nden&nbsp;zu forschen, die auf eine rechtswidrige T\u00e4tigkeit hinweisen.&nbsp;<\/p>\n\n\n\n<p>Verpflichtungen zur Entfernung oder Sperrung der Nutzung von Informationen nach den allgemeinen&nbsp;Gesetzen bleiben hiervon unber\u00fchrt. Eine diesbez\u00fcgliche Haftung ist jedoch erst ab dem Zeitpunkt der&nbsp;Kenntnis einer konkreten Rechtsverletzung m\u00f6glich. Bei Bekanntwerden von entsprechenden&nbsp;Rechtsverletzungen werden wir diese Inhalte umgehend entfernen.<\/p>\n\n\n\n<h4 class=\"wp-block-heading\">Haftung f\u00fcr Links<\/h4>\n\n\n\n<p>Unser Angebot enth\u00e4lt Links zu externen Webseiten Dritter, auf deren Inhalte wir keinen Einfluss haben.&nbsp;Deshalb k\u00f6nnen wir f\u00fcr diese fremden Inhalte auch keine Gew\u00e4hr \u00fcbernehmen. F\u00fcr die Inhalte der&nbsp;verlinkten Seiten ist stets der jeweilige Anbieter oder Betreiber der Seiten verantwortlich. Die verlinkten&nbsp;Seiten wurden zum Zeitpunkt der Verlinkung auf m\u00f6gliche Rechtsverst\u00f6\u00dfe \u00fcberpr\u00fcft.<\/p>\n\n\n\n<p>Rechtswidrige&nbsp;Inhalte waren zum Zeitpunkt der Verlinkung nicht erkennbar.&nbsp;Eine permanente inhaltliche Kontrolle der verlinkten Seiten ist jedoch ohne konkrete Anhaltspunkte einer&nbsp;Rechtsverletzung nicht zumutbar. Bei Bekanntwerden von Rechtsverletzungen werden wir derartige Links<br>umgehend entfernen.<\/p>\n\n\n\n<h4 class=\"wp-block-heading\">Urheberrecht<\/h4>\n\n\n\n<p>Die durch die Seitenbetreiber erstellten Inhalte und Werke auf diesen Seiten unterliegen dem deutschen&nbsp;Urheberrecht. Die Vervielf\u00e4ltigung, Bearbeitung, Verbreitung und jede Art der Verwertung au\u00dferhalb der&nbsp;Grenzen des Urheberrechtes bed\u00fcrfen der schriftlichen Zustimmung des jeweiligen Autors bzw.&nbsp;Erstellers. Downloads und Kopien dieser Seite sind nur f\u00fcr den privaten, nicht kommerziellen Gebrauch&nbsp;gestattet.<\/p>\n\n\n\n<p>Soweit die Inhalte auf dieser Seite nicht vom Betreiber erstellt wurden, werden die Urheberrechte Dritter&nbsp;beachtet. Insbesondere werden Inhalte Dritter als solche gekennzeichnet. Sollten Sie trotzdem auf eine&nbsp;Urheberrechtsverletzung aufmerksam werden, bitten wir um einen entsprechenden Hinweis. Bei&nbsp;Bekanntwerden von Rechtsverletzungen werden wir derartige Inhalte umgehend entfernen.<br>Quelle: https:\/\/www.e-recht24.de<\/p>\n\n\n\n<h4 class=\"wp-block-heading\">Widerspruch Werbe-Mails<\/h4>\n\n\n\n<p>Der Nutzung von ver\u00f6ffentlichten Kontaktdaten zur \u00dcbersendung von nicht ausdr\u00fccklich angeforderter Werbung und Informationsmaterialien wird hiermit widersprochen. Die Betreiber der Seiten behalten sich ausdr\u00fccklich rechtliche Schritte im Falle der unverlangten Zusendung von Werbeinformationen, etwa durch Spam-E-Mails, vor.<\/p>\n\n\n\n<div style=\"height:40px\" aria-hidden=\"true\" class=\"wp-block-spacer\"><\/div>\n\n\n\n<p><strong>Design\/Programmierung:<\/strong><br><a rel=\"noreferrer noopener\" href=\"https:\/\/www.hummelt-werbeagentur.de\/\" target=\"_blank\">hummelt und partner |&nbsp;Werbeagentur GmbH<\/a><\/p>\n\n\n\n<div style=\"height:60px\" aria-hidden=\"true\" class=\"wp-block-spacer\"><\/div>\n","protected":false},"excerpt":{"rendered":"<p>IMPRINT Address HARDTOP Gie\u00dfereitechnologie GmbHReichelstra\u00dfe 23D &#8211; 39124 Magdeburg Tel.: +49 (0) 391 53 29 69-0Fax: +49 (0) 391 53 29 69 21E-Mail:&nbsp;info@hardtop-gmbh.de Gesch\u00e4ftsf\u00fchrer:&nbsp; Herr Dr. Armin I\u00dfleibFrau Dipl.-Ing. Irina I\u00dfleib-Lubojanski Einzelprokura:&nbsp; Herr Dipl.-Betriebswirt (FH) Chris Hofmann Handelsregister:&nbsp; Handelsregister 16.12.1997, HRB 110456, Amtsgericht StendalUSt-Ident-Nr.: DE 812355329 Haftung f\u00fcr Inhalte Als Diensteanbieter sind wir gem\u00e4\u00df \u00a7 [&hellip;]<\/p>\n","protected":false},"author":1,"featured_media":0,"parent":0,"menu_order":94,"comment_status":"closed","ping_status":"closed","template":"","meta":{"_hupa_show_title":false,"_hupa_custom_title":"","_hupa_title_css":"","_hupa_select_menu":1,"_hupa_select_sidebar":1,"_hupa_show_social_media":false,"_hupa_select_social_type":0,"_hupa_select_social_color":0,"_hupa_social_media_css":"","_hupa_select_handy_menu":1,"_hupa_select_top_area":1,"_hupa_show_bottom_footer":true,"_hupa_show_top_footer":false,"_hupa_show_widgets_footer":false,"_hupa_sticky_widgets_footer":1,"_hupa_select_header":0,"_hupa_select_container":0,"_hupa_top_area_container":0,"_hupa_main_container":0,"_hupa_select_footer":0,"_hupa_show_menu":true,"_hupa_show_custom_url":false,"_hupa_beitragsbild_url":"","footnotes":""},"class_list":["post-1131","page","type-page","status-publish","hentry"],"yoast_head":"<!-- This site is optimized with the Yoast SEO plugin v24.2 - https:\/\/yoast.com\/wordpress\/plugins\/seo\/ -->\n<title>Imprint - HARDTOP Gie\u00dfereitechnologie GmbH<\/title>\n<meta name=\"robots\" content=\"index, follow, max-snippet:-1, max-image-preview:large, max-video-preview:-1\" \/>\n<link rel=\"canonical\" href=\"https:\/\/www.hardtop-gmbh.de\/en\/impressum\/\" \/>\n<meta name=\"twitter:label1\" content=\"Est. reading time\" \/>\n\t<meta name=\"twitter:data1\" content=\"2 minutes\" \/>\n<script type=\"application\/ld+json\" class=\"yoast-schema-graph\">{\"@context\":\"https:\/\/schema.org\",\"@graph\":[{\"@type\":\"WebPage\",\"@id\":\"https:\/\/www.hardtop-gmbh.de\/en\/impressum\/\",\"url\":\"https:\/\/www.hardtop-gmbh.de\/en\/impressum\/\",\"name\":\"Imprint - HARDTOP Gie\u00dfereitechnologie GmbH\",\"isPartOf\":{\"@id\":\"https:\/\/www.hardtop-gmbh.de\/ru\/#website\"},\"datePublished\":\"2023-06-05T07:47:36+00:00\",\"dateModified\":\"2023-08-04T08:47:12+00:00\",\"breadcrumb\":{\"@id\":\"https:\/\/www.hardtop-gmbh.de\/en\/impressum\/#breadcrumb\"},\"inLanguage\":\"en-US\",\"potentialAction\":[{\"@type\":\"ReadAction\",\"target\":[\"https:\/\/www.hardtop-gmbh.de\/en\/impressum\/\"]}]},{\"@type\":\"BreadcrumbList\",\"@id\":\"https:\/\/www.hardtop-gmbh.de\/en\/impressum\/#breadcrumb\",\"itemListElement\":[{\"@type\":\"ListItem\",\"position\":1,\"name\":\"Startseite\",\"item\":\"https:\/\/www.hardtop-gmbh.de\/en\/\"},{\"@type\":\"ListItem\",\"position\":2,\"name\":\"Impressum\"}]},{\"@type\":\"WebSite\",\"@id\":\"https:\/\/www.hardtop-gmbh.de\/ru\/#website\",\"url\":\"https:\/\/www.hardtop-gmbh.de\/ru\/\",\"name\":\"HARDTOP Gie\u00dfereitechnologie GmbH\",\"description\":\"\",\"publisher\":{\"@id\":\"https:\/\/www.hardtop-gmbh.de\/ru\/#organization\"},\"potentialAction\":[{\"@type\":\"SearchAction\",\"target\":{\"@type\":\"EntryPoint\",\"urlTemplate\":\"https:\/\/www.hardtop-gmbh.de\/ru\/?s={search_term_string}\"},\"query-input\":{\"@type\":\"PropertyValueSpecification\",\"valueRequired\":true,\"valueName\":\"search_term_string\"}}],\"inLanguage\":\"en-US\"},{\"@type\":\"Organization\",\"@id\":\"https:\/\/www.hardtop-gmbh.de\/ru\/#organization\",\"name\":\"HARDTOP Gie\u00dfereitechnologie GmbH\",\"url\":\"https:\/\/www.hardtop-gmbh.de\/ru\/\",\"logo\":{\"@type\":\"ImageObject\",\"inLanguage\":\"en-US\",\"@id\":\"https:\/\/www.hardtop-gmbh.de\/ru\/#\/schema\/logo\/image\/\",\"url\":\"https:\/\/www.hardtop-gmbh.de\/wp-content\/uploads\/2023\/06\/favicon.png\",\"contentUrl\":\"https:\/\/www.hardtop-gmbh.de\/wp-content\/uploads\/2023\/06\/favicon.png\",\"width\":900,\"height\":900,\"caption\":\"HARDTOP Gie\u00dfereitechnologie GmbH\"},\"image\":{\"@id\":\"https:\/\/www.hardtop-gmbh.de\/ru\/#\/schema\/logo\/image\/\"}}]}<\/script>\n<!-- \/ Yoast SEO plugin. -->","yoast_head_json":{"title":"Imprint - HARDTOP Gie\u00dfereitechnologie GmbH","robots":{"index":"index","follow":"follow","max-snippet":"max-snippet:-1","max-image-preview":"max-image-preview:large","max-video-preview":"max-video-preview:-1"},"canonical":"https:\/\/www.hardtop-gmbh.de\/en\/impressum\/","twitter_misc":{"Est. reading time":"2 minutes"},"schema":{"@context":"https:\/\/schema.org","@graph":[{"@type":"WebPage","@id":"https:\/\/www.hardtop-gmbh.de\/en\/impressum\/","url":"https:\/\/www.hardtop-gmbh.de\/en\/impressum\/","name":"Imprint - HARDTOP Gie\u00dfereitechnologie GmbH","isPartOf":{"@id":"https:\/\/www.hardtop-gmbh.de\/ru\/#website"},"datePublished":"2023-06-05T07:47:36+00:00","dateModified":"2023-08-04T08:47:12+00:00","breadcrumb":{"@id":"https:\/\/www.hardtop-gmbh.de\/en\/impressum\/#breadcrumb"},"inLanguage":"en-US","potentialAction":[{"@type":"ReadAction","target":["https:\/\/www.hardtop-gmbh.de\/en\/impressum\/"]}]},{"@type":"BreadcrumbList","@id":"https:\/\/www.hardtop-gmbh.de\/en\/impressum\/#breadcrumb","itemListElement":[{"@type":"ListItem","position":1,"name":"Startseite","item":"https:\/\/www.hardtop-gmbh.de\/en\/"},{"@type":"ListItem","position":2,"name":"Impressum"}]},{"@type":"WebSite","@id":"https:\/\/www.hardtop-gmbh.de\/ru\/#website","url":"https:\/\/www.hardtop-gmbh.de\/ru\/","name":"HARDTOP Gie\u00dfereitechnologie GmbH","description":"","publisher":{"@id":"https:\/\/www.hardtop-gmbh.de\/ru\/#organization"},"potentialAction":[{"@type":"SearchAction","target":{"@type":"EntryPoint","urlTemplate":"https:\/\/www.hardtop-gmbh.de\/ru\/?s={search_term_string}"},"query-input":{"@type":"PropertyValueSpecification","valueRequired":true,"valueName":"search_term_string"}}],"inLanguage":"en-US"},{"@type":"Organization","@id":"https:\/\/www.hardtop-gmbh.de\/ru\/#organization","name":"HARDTOP Gie\u00dfereitechnologie GmbH","url":"https:\/\/www.hardtop-gmbh.de\/ru\/","logo":{"@type":"ImageObject","inLanguage":"en-US","@id":"https:\/\/www.hardtop-gmbh.de\/ru\/#\/schema\/logo\/image\/","url":"https:\/\/www.hardtop-gmbh.de\/wp-content\/uploads\/2023\/06\/favicon.png","contentUrl":"https:\/\/www.hardtop-gmbh.de\/wp-content\/uploads\/2023\/06\/favicon.png","width":900,"height":900,"caption":"HARDTOP Gie\u00dfereitechnologie GmbH"},"image":{"@id":"https:\/\/www.hardtop-gmbh.de\/ru\/#\/schema\/logo\/image\/"}}]}},"_links":{"self":[{"href":"https:\/\/www.hardtop-gmbh.de\/en\/wp-json\/wp\/v2\/pages\/1131","targetHints":{"allow":["GET"]}}],"collection":[{"href":"https:\/\/www.hardtop-gmbh.de\/en\/wp-json\/wp\/v2\/pages"}],"about":[{"href":"https:\/\/www.hardtop-gmbh.de\/en\/wp-json\/wp\/v2\/types\/page"}],"author":[{"embeddable":true,"href":"https:\/\/www.hardtop-gmbh.de\/en\/wp-json\/wp\/v2\/users\/1"}],"replies":[{"embeddable":true,"href":"https:\/\/www.hardtop-gmbh.de\/en\/wp-json\/wp\/v2\/comments?post=1131"}],"version-history":[{"count":2,"href":"https:\/\/www.hardtop-gmbh.de\/en\/wp-json\/wp\/v2\/pages\/1131\/revisions"}],"predecessor-version":[{"id":1600,"href":"https:\/\/www.hardtop-gmbh.de\/en\/wp-json\/wp\/v2\/pages\/1131\/revisions\/1600"}],"wp:attachment":[{"href":"https:\/\/www.hardtop-gmbh.de\/en\/wp-json\/wp\/v2\/media?parent=1131"}],"curies":[{"name":"wp","href":"https:\/\/api.w.org\/{rel}","templated":true}]}}